{"id":5127,"date":"2024-04-25T13:02:07","date_gmt":"2024-04-25T17:02:07","guid":{"rendered":"https:\/\/journals.law.harvard.edu\/hblr\/?page_id=5127"},"modified":"2025-08-19T12:52:14","modified_gmt":"2025-08-19T16:52:14","slug":"volume-14-2023-2024","status":"publish","type":"page","link":"https:\/\/journals.law.harvard.edu\/hblr\/volume-14-2023-2024\/","title":{"rendered":"Volume 14 (2023\u20132024)"},"content":{"rendered":"\n<h5 class=\"wp-block-heading\">CORPORATE LAW &amp; GOVERNANCE<\/h5>\n\n\n\n<h3 class=\"wp-block-heading\"><strong><a href=\"https:\/\/journals.law.harvard.edu\/hblr\/wp-content\/uploads\/sites\/87\/2024\/04\/01_HLB_14_1_Mariana-Pargendler_Online.pdf\" target=\"_blank\" rel=\"noopener\">THE FALLACY OF COMPLETE CORPORATE SEPARATENESS<\/a><\/strong><\/h3>\n\n\n\n<h6 class=\"wp-block-heading\">Mariana Pargendler<sup class=\"modern-footnotes-footnote \" data-mfn=\"1\" data-mfn-post-scope=\"00000000000001f40000000000000000_5127\"><a href=\"javascript:void(0)\"  role=\"button\" aria-pressed=\"false\" aria-describedby=\"mfn-content-00000000000001f40000000000000000_5127-1\">1<\/a><\/sup><span id=\"mfn-content-00000000000001f40000000000000000_5127-1\" role=\"tooltip\" class=\"modern-footnotes-footnote__note\" tabindex=\"0\" data-mfn=\"1\">Full Professor of Law, Funda\u00e7\u00e3o Getulio Vargas School of Law in S\u00e3o Paulo; Global Professor of Law, New York University School of Law. I am grateful to Henrique Arake, George Georgiev, Carlos Portugal Gouv\u00eaa, Burt Neuborne, Elizabeth Pollman, Mario Schapiro, Richard Squire, Robert Thompson, and participants in the workshop on \u201cHidden Fallacies in Corporate Law and Financial Regulation,\u201d the Bocconi-Oxford Junior Scholars Workshop on Corporate Law and Finance, the Droit &amp; Croissance Workshop, and the Wharton Legal Studies Seminar for helpful comments and suggestions.<\/span><\/h6>\n\n\n\n<p>Legal discourse about business entities has displayed a logical fallacy regarding the consequences of corporate separateness. A fallacy of equivocation occurs when a term is used with one meaning in the premise and with another meaning in the conclusion. Legal personality undoubtedly provides a separate\u2014in the sense of distinct\u2014nexus for the imputation of legal rights and duties. This, however, does not mean that corporations are or should be treated as legally separate\u2014in the sense of insulated\u2014from shareholders in all contexts. Moreover, legal insulation between corporations and shareholders for some purposes (e.g., limited liability) does not necessarily entail insulation for other purposes (e.g., the application of a contractual or regulatory scheme). In effect, there is significant, if varying, permeability between the legal spheres of corporations and shareholders across different areas of law, including corporate law. Rather than a nonconductor that always isolates the legal spheres of the corporation and related parties, legal personality operates as a semi-permeable membrane. Nevertheless, the recurrent fallacy of complete corporate separateness has obscured and hampered the development of legal doctrine in several contexts.<\/p>\n","protected":false},"excerpt":{"rendered":"<p>CORPORATE LAW &amp; GOVERNANCE THE FALLACY OF COMPLETE CORPORATE SEPARATENESS Mariana Pargendler Legal discourse about business entities has displayed a [&hellip;]<\/p>\n","protected":false},"author":109,"featured_media":0,"parent":0,"menu_order":0,"comment_status":"closed","ping_status":"closed","template":"","meta":{"site-sidebar-layout":"default","site-content-layout":"","ast-site-content-layout":"default","site-content-style":"default","site-sidebar-style":"default","ast-global-header-display":"","ast-banner-title-visibility":"","ast-main-header-display":"","ast-hfb-above-header-display":"","ast-hfb-below-header-display":"","ast-hfb-mobile-header-display":"","site-post-title":"","ast-breadcrumbs-content":"","ast-featured-img":"","footer-sml-layout":"","ast-disable-related-posts":"","theme-transparent-header-meta":"","adv-header-id-meta":"","stick-header-meta":"","header-above-stick-meta":"","header-main-stick-meta":"","header-below-stick-meta":"","astra-migrate-meta-layouts":"default","ast-page-background-enabled":"default","ast-page-background-meta":{"desktop":{"background-color":"var(--ast-global-color-5)","background-image":"","background-repeat":"repeat","background-position":"center center","background-size":"auto","background-attachment":"scroll","background-type":"","background-media":"","overlay-type":"","overlay-color":"","overlay-opacity":"","overlay-gradient":""},"tablet":{"background-color":"","background-image":"","background-repeat":"repeat","background-position":"center center","background-size":"auto","background-attachment":"scroll","background-type":"","background-media":"","overlay-type":"","overlay-color":"","overlay-opacity":"","overlay-gradient":""},"mobile":{"background-color":"","background-image":"","background-repeat":"repeat","background-position":"center center","background-size":"auto","background-attachment":"scroll","background-type":"","background-media":"","overlay-type":"","overlay-color":"","overlay-opacity":"","overlay-gradient":""}},"ast-content-background-meta":{"desktop":{"background-color":"var(--ast-global-color-4)","background-image":"","background-repeat":"repeat","background-position":"center center","background-size":"auto","background-attachment":"scroll","background-type":"","background-media":"","overlay-type":"","overlay-color":"","overlay-opacity":"","overlay-gradient":""},"tablet":{"background-color":"var(--ast-global-color-4)","background-image":"","background-repeat":"repeat","background-position":"center center","background-size":"auto","background-attachment":"scroll","background-type":"","background-media":"","overlay-type":"","overlay-color":"","overlay-opacity":"","overlay-gradient":""},"mobile":{"background-color":"var(--ast-global-color-4)","background-image":"","background-repeat":"repeat","background-position":"center center","background-size":"auto","background-attachment":"scroll","background-type":"","background-media":"","overlay-type":"","overlay-color":"","overlay-opacity":"","overlay-gradient":""}},"jetpack_post_was_ever_published":false,"footnotes":""},"class_list":["post-5127","page","type-page","status-publish","hentry"],"jetpack_shortlink":"https:\/\/wp.me\/PgKEUK-1kH","jetpack-related-posts":[{"id":5347,"url":"https:\/\/journals.law.harvard.edu\/hblr\/volume-15-issue-1\/","url_meta":{"origin":5127,"position":0},"title":"Volume 15, Issue 1","author":"wgu","date":"March 4, 2025","format":false,"excerpt":"SECURITIES & FINANCIAL REGULATION CAN SECTION 11 BE SAVED?: \u201cTRACING\u201d A PATH TO ITS SURVIVAL John C. Coffee, Jr. & Joshua Mitts Last term, a unanimous Supreme Court held in Slack Techs. v Pirani that purchasers of securities must \u201ctrace\u201d their shares to the registration statement that contains the alleged\u2026","rel":"","context":"Similar post","block_context":{"text":"Similar post","link":""},"img":{"alt_text":"","src":"","width":0,"height":0},"classes":[]},{"id":5258,"url":"https:\/\/journals.law.harvard.edu\/hblr\/corporate-law-governance\/","url_meta":{"origin":5127,"position":1},"title":"Corporate Law &amp; Governance","author":"wgu","date":"February 15, 2025","format":false,"excerpt":"VOLUME 15 \u2022 COLUMNS THE DUAL CLASS DILEMMA AND THE SUNSET-CLAUSE SOLUTION\u00a0 Adrian Brown The desirability of dual-class stock has been a source of substantial controversy. Some scholars, commentators, and industry participants are wholly in favor of such arrangements. Others are wholly opposed. While neither of these diametrically opposed views\u2026","rel":"","context":"Similar post","block_context":{"text":"Similar post","link":""},"img":{"alt_text":"","src":"","width":0,"height":0},"classes":[]},{"id":2,"url":"https:\/\/journals.law.harvard.edu\/hblr\/organization\/","url_meta":{"origin":5127,"position":2},"title":"Organization","author":"wpengine","date":"September 9, 2010","format":false,"excerpt":"The Harvard Business Law Review (HBLR) is a student organization of Harvard Law School that publishes a print volume entitled the Harvard Business Law Review, currently lead by Editors in Chief Joseph Ravenna IV and Savannah Huitema for its Volume XV edition. The print volume appears in two issues per\u2026","rel":"","context":"Similar post","block_context":{"text":"Similar post","link":""},"img":{"alt_text":"","src":"","width":0,"height":0},"classes":[]},{"id":5412,"url":"https:\/\/journals.law.harvard.edu\/hblr\/volume-15-issue-2\/","url_meta":{"origin":5127,"position":3},"title":"Volume 15, Issue 2","author":"wgu","date":"July 5, 2025","format":false,"excerpt":"VOLUME 15 \u2022 CONSUMER PROTECTION HOW TO USE THE RESTATEMENT OF CONSUMER CONTRACTS: A GUIDE FOR JUDGES Ian Ayres & Gregory Klass Many significant changes to contract law over the past hundred years have been driven by changes in the technology of contracting\u2014the mechanisms people use (or try to use)\u2026","rel":"","context":"Similar post","block_context":{"text":"Similar post","link":""},"img":{"alt_text":"","src":"","width":0,"height":0},"classes":[]},{"id":4844,"url":"https:\/\/journals.law.harvard.edu\/hblr\/volume-11\/","url_meta":{"origin":5127,"position":4},"title":"Volume 11 (2020\u20132021)","author":"wgu","date":"January 11, 2021","format":false,"excerpt":"TAXATION \u2022 TECHNOLOGY & INNOVATION RETHINKING TAX FOR THE DIGITAL ECONOMY AFTER COVID-19 Tarc\u00edsio Diniz Magalh\u00e3es and Allison Christians Before COVID-19 arrived, policymakers from around the world were busy working on the makings of a new global tax consensus to reflect structural changes in the world economy as a result\u2026","rel":"","context":"Similar post","block_context":{"text":"Similar post","link":""},"img":{"alt_text":"","src":"","width":0,"height":0},"classes":[]},{"id":4916,"url":"https:\/\/journals.law.harvard.edu\/hblr\/hblr-online-volume-12\/","url_meta":{"origin":5127,"position":5},"title":"Volume 12 (2021-2022)","author":"wgu","date":"February 26, 2022","format":false,"excerpt":"ENVIRONMENTAL, SOCIAL, & GOVERNANCE \u2022 INVESTING & ASSET MANAGEMENT BROWN ASSETS FOR THE PRUDENT INVESTOR Alon Brav and J.B. Heaton Most commentary on climate-themed investment treats climate change as a one-way risk to brown assets from a hoped-for transition to a low-carbon economy. But the converse holds as well. Brown\u2026","rel":"","context":"Similar post","block_context":{"text":"Similar post","link":""},"img":{"alt_text":"","src":"","width":0,"height":0},"classes":[]}],"jetpack_sharing_enabled":true,"_links":{"self":[{"href":"https:\/\/journals.law.harvard.edu\/hblr\/wp-json\/wp\/v2\/pages\/5127","targetHints":{"allow":["GET"]}}],"collection":[{"href":"https:\/\/journals.law.harvard.edu\/hblr\/wp-json\/wp\/v2\/pages"}],"about":[{"href":"https:\/\/journals.law.harvard.edu\/hblr\/wp-json\/wp\/v2\/types\/page"}],"author":[{"embeddable":true,"href":"https:\/\/journals.law.harvard.edu\/hblr\/wp-json\/wp\/v2\/users\/109"}],"replies":[{"embeddable":true,"href":"https:\/\/journals.law.harvard.edu\/hblr\/wp-json\/wp\/v2\/comments?post=5127"}],"version-history":[{"count":0,"href":"https:\/\/journals.law.harvard.edu\/hblr\/wp-json\/wp\/v2\/pages\/5127\/revisions"}],"wp:attachment":[{"href":"https:\/\/journals.law.harvard.edu\/hblr\/wp-json\/wp\/v2\/media?parent=5127"}],"curies":[{"name":"wp","href":"https:\/\/api.w.org\/{rel}","templated":true}]}}